{"id":2,"date":"2025-05-06T16:37:37","date_gmt":"2025-05-06T16:37:37","guid":{"rendered":"https:\/\/collectionterrasse.com.ar\/?page_id=2"},"modified":"2025-05-10T08:44:27","modified_gmt":"2025-05-10T08:44:27","slug":"home","status":"publish","type":"page","link":"https:\/\/collectionterrasse.com.ar\/","title":{"rendered":"Home Page"},"content":{"rendered":"<div class=\"wpb-content-wrapper\"><p>[vc_row gap=\u00bb35&#8243; equal_height=\u00bbyes\u00bb content_placement=\u00bbmiddle\u00bb css=\u00bb.vc_custom_1746732647439{margin-top: 0px !important;}\u00bb el_class=\u00bbFirstRow\u00bb][vc_column width=\u00bb1\/2&#8243; css=\u00bb.vc_custom_1746732470040{padding-right: 30px !important;}\u00bb el_class=\u00bbTextCol\u00bb][vc_column_text css=\u00bb\u00bb]<\/p>\n<h1>Textes litteraires en fran\u00e7ais facile<\/h1>\n<p>[\/vc_column_text][vc_column_text css=\u00bb\u00bb]La Collection Terrasse est un projet r\u00e9alis\u00e9 par des professeurs de FLE, fran\u00e7ais et argentins, conscients de l&#8217;importance de la litt\u00e9rature dans la formation de nos \u00e9tudiants.<\/p>\n<p>Les livres ont \u00e9t\u00e9 cr\u00e9es autant pour la classe que pour la lecture autonome et se pr\u00eatent aux diverses activit\u00e9s de l&#8217;enseignement, visant en particulier le plaisir et la motivation des lecteurs. Les activit\u00e9s p\u00e9dagogiques ont aussi \u00e9t\u00e9 con\u00e7ues \u00e0 partir d&#8217;une approche ludique et r\u00e9cr\u00e9ative de la langue.[\/vc_column_text][vc_btn title=\u00bbVoir la collection\u00bb style=\u00bbclassic\u00bb color=\u00bbblack\u00bb css=\u00bb\u00bb link=\u00bburl:https%3A%2F%2Fcollectionterrasse.com.ar%2Findex.php%2Fla-collection%2F|title:Voir%20la%20collection\u00bb][\/vc_column][vc_column width=\u00bb1\/2&#8243; el_class=\u00bbImageCol\u00bb][vc_single_image image=\u00bb27&#8243; img_size=\u00bbfull\u00bb alignment=\u00bbcenter\u00bb css=\u00bb\u00bb][\/vc_column][\/vc_row][vc_row][vc_column][vc_column_text][\/vc_column_text][\/vc_column][\/vc_row][vc_row full_width=\u00bbstretch_row\u00bb content_placement=\u00bbmiddle\u00bb css=\u00bb.vc_custom_1746601673012{margin-top: 80px !important;background-color: #D33E40 !important;}\u00bb el_class=\u00bbRedBlock\u00bb][vc_column width=\u00bb1\/2&#8243;][vc_single_image image=\u00bb30&#8243; img_size=\u00bbfull\u00bb alignment=\u00bbcenter\u00bb css=\u00bb.vc_custom_1746601647419{margin-bottom: 0px !important;}\u00bb el_class=\u00bbBookImage\u00bb][\/vc_column][vc_column width=\u00bb1\/2&#8243; el_class=\u00bbRightCol\u00bb][vc_column_text css=\u00bb\u00bb]<\/p>\n<h2 style=\"color: white;\">Livres de lecture en fran\u00e7ais facile pour \u00e9tudiants de FLE adolescents et adultes<\/h2>\n<p>[\/vc_column_text][vc_btn title=\u00bbSuivez-nous\u00bb style=\u00bbclassic\u00bb color=\u00bbwhite\u00bb i_align=\u00bbright\u00bb i_icon_fontawesome=\u00bbfa fa-brands fa-instagram\u00bb css=\u00bb\u00bb add_icon=\u00bbtrue\u00bb link=\u00bburl:https%3A%2F%2Fwww.instagram.com%2Fcollectionterrasse%3Figsh%3DZHNldmswcXJ6ajQ0|title:Voir%20la%20collection|target:_blank|rel:nofollow\u00bb][\/vc_column][\/vc_row][vc_row css=\u00bb.vc_custom_1746732197904{padding-top: 40px !important;}\u00bb][vc_column][vc_column_text css=\u00bb\u00bb]<\/p>\n<h3 style=\"text-align: center;\">Auteurs et collaborateurs<\/h3>\n<p>[\/vc_column_text][\/vc_column][\/vc_row][vc_row][vc_column width=\u00bb1\/3&#8243;][vc_row_inner][vc_column_inner el_class=\u00bbAuthorTitle\u00bb][vc_single_image image=\u00bb51&#8243; img_size=\u00bb50&#215;50&#8243; css=\u00bb.vc_custom_1746731568951{margin-bottom: 15px !important;}\u00bb][vc_column_text css=\u00bb.vc_custom_1746731564141{margin-bottom: 15px !important;}\u00bb el_class=\u00bbAuthorName\u00bb]<\/p>\n<h4>Gustavo Potente<\/h4>\n<p>[\/vc_column_text][\/vc_column_inner][\/vc_row_inner][vc_column_text css=\u00bb\u00bb]Ayant fait sa formation dans des pays francophones, Gustavo Potente, a \u00e9t\u00e9 prof de FLE et d\u2019histoire de l\u2019art \u00e0 L\u2019Alliance Fran\u00e7aise de Buenos Aires pendant 22 ans. Coordinateur du Plan de Hautes Etudes en Fran\u00e7ais, concepteur d\u2019examens et conseiller p\u00e9dagogique au Centro Universitario de Idiomas d\u00e9pendant de l\u2019Universit\u00e9 de Buenos Aires, il se consacre depuis 2004 \u00e0 la <strong>Collection Terrasse<\/strong> dont il est le cr\u00e9ateur. Il y verse sa longue exp\u00e9rience dans les salles de classe autant que son talent d\u2019\u00e9crivain et d\u2019artiste.[\/vc_column_text][\/vc_column][vc_column width=\u00bb1\/3&#8243;][vc_row_inner][vc_column_inner el_class=\u00bbAuthorTitle\u00bb][vc_single_image image=\u00bb50&#8243; img_size=\u00bb50&#215;50&#8243; css=\u00bb.vc_custom_1746731648575{margin-bottom: 15px !important;}\u00bb][vc_column_text css=\u00bb.vc_custom_1746731900084{margin-bottom: 15px !important;}\u00bb el_class=\u00bbAuthorName Florence\u00bb]<\/p>\n<h4>Florence Dautrey<\/h4>\n<p>[\/vc_column_text][\/vc_column_inner][\/vc_row_inner][vc_column_text css=\u00bb\u00bb]Originaire de Caen, Florence Dautrey a longtemps parcouru le monde une Licence et un Master de FLE en poche avant de s\u2019installer \u00e0 Buenos Aires. Professeure de FLE, elle a enseign\u00e9 dans des Alliances Fran\u00e7aises et dans des Centres Universitaires de Langues un peu partout sur la plan\u00e8te, et a travaill\u00e9 comme coordinatrice du d\u00e9partement de FLE au Mexique et en Espagne. Elle s\u2019est sp\u00e9cialis\u00e9e depuis quelques ann\u00e9es dans la conception d\u2019activit\u00e9s p\u00e9dagogiques ludiques et r\u00e9cr\u00e9atives.[\/vc_column_text][\/vc_column][vc_column width=\u00bb1\/3&#8243;][vc_row_inner][vc_column_inner el_class=\u00bbAuthorTitle\u00bb][vc_single_image image=\u00bb54&#8243; img_size=\u00bb50&#215;50&#8243; css=\u00bb.vc_custom_1746731704208{margin-bottom: 15px !important;}\u00bb][vc_column_text css=\u00bb.vc_custom_1746731987191{margin-bottom: 15px !important;}\u00bb el_class=\u00bbAuthorName Patricia\u00bb]<\/p>\n<h4>Patricia Fern\u00e1ndez<\/h4>\n<p>[\/vc_column_text][\/vc_column_inner][\/vc_row_inner][vc_column_text css=\u00bb\u00bb]Professeure de FLE en Argentine, ayant travaill\u00e9 dans le prestigieux Coll\u00e8ge National de Buenos Aires, dans les Instituts de formation des professeurs Joaqu\u00edn V. Gonzalez et Juan R. Fern\u00e1ndez et au CUI (Centro Universitario de Idiomas), elle a particip\u00e9 \u00e0 la cr\u00e9ation des livres de la Collection Terrasse en tant que conseill\u00e8re et conceptrice d\u2019activit\u00e9s p\u00e9dagogiques.[\/vc_column_text][\/vc_column][\/vc_row][vc_row][vc_column width=\u00bb1\/3&#8243;][vc_row_inner][vc_column_inner el_class=\u00bbAuthorTitle\u00bb][vc_single_image image=\u00bb52&#8243; img_size=\u00bb50&#215;50&#8243; css=\u00bb.vc_custom_1746731763580{margin-bottom: 15px !important;}\u00bb][vc_column_text css=\u00bb.vc_custom_1746731993802{margin-bottom: 15px !important;}\u00bb el_class=\u00bbAuthorName Jean\u00bb]<\/p>\n<h4>Jean-Fran\u00e7ois Guilmeau<\/h4>\n<p>[\/vc_column_text][\/vc_column_inner][\/vc_row_inner][vc_column_text css=\u00bb\u00bb]Belge de naissance mais habitant Paris, Jean-Fran\u00e7ois Guilmeau est un \u00e9crivain amateur et perfectionniste qui ne publie que tr\u00e8s rarement ses nouvelles. Il nous a exceptionnellement c\u00e9d\u00e9 son Mus\u00e9e (je, tu, elle) en honneur d\u2019une vieille et ch\u00e8re amiti\u00e9.[\/vc_column_text][\/vc_column][vc_column width=\u00bb1\/3&#8243;][vc_row_inner][vc_column_inner el_class=\u00bbAuthorTitle\u00bb][vc_single_image image=\u00bb49&#8243; img_size=\u00bb50&#215;50&#8243; css=\u00bb.vc_custom_1746731798404{margin-bottom: 15px !important;}\u00bb][vc_column_text css=\u00bb.vc_custom_1746732000021{margin-bottom: 15px !important;}\u00bb el_class=\u00bbAuthorName Claire\u00bb]<\/p>\n<h4>Claire Avellan<\/h4>\n<p>[\/vc_column_text][\/vc_column_inner][\/vc_row_inner][vc_column_text css=\u00bb\u00bb]N\u00e9e \u00e0 Montpellier, Claire Avellan habite en Argentine. Interpr\u00e8te et traductrice aussi bien qu\u2019enseignante, elle aime beaucoup son travail surtout lorsqu\u2019il s\u2019agit de d\u2019enseigner l\u2019interpr\u00e9tation ou de faire de la traduction litt\u00e9raire.[\/vc_column_text][\/vc_column][vc_column width=\u00bb1\/3&#8243;][vc_row_inner][vc_column_inner el_class=\u00bbAuthorTitle\u00bb][vc_single_image image=\u00bb53&#8243; img_size=\u00bb50&#215;50&#8243; css=\u00bb.vc_custom_1746731828066{margin-bottom: 15px !important;}\u00bb][vc_column_text css=\u00bb.vc_custom_1746732006618{margin-bottom: 15px !important;}\u00bb el_class=\u00bbAuthorName Nicole\u00bb]<\/p>\n<h4>Nicole Vid\u00e8s<\/h4>\n<p>[\/vc_column_text][\/vc_column_inner][\/vc_row_inner][vc_column_text css=\u00bb\u00bb]Ancienne \u00e9l\u00e8ve de Gustavo Potente, n\u00e9e en Argentine, elle habite depuis longtemps en France d\u2019o\u00f9 elle nous a envoy\u00e9 sa nouvelle.[\/vc_column_text][\/vc_column][\/vc_row][vc_row][vc_column][vc_separator css=\u00bb.vc_custom_1746732168359{margin-top: 30px !important;margin-bottom: 60px !important;}\u00bb][vc_row_inner][vc_column_inner width=\u00bb1\/2&#8243;][vc_single_image image=\u00bb64&#8243; img_size=\u00bbfull\u00bb css=\u00bb\u00bb][\/vc_column_inner][vc_column_inner width=\u00bb1\/2&#8243;][vc_column_text css=\u00bb.vc_custom_1746732142277{margin-bottom: 20px !important;}\u00bb]<\/p>\n<h2>Elaboration et objectif de nos livres<\/h2>\n<p>[\/vc_column_text][vc_column_text css=\u00bb\u00bb]Une fois le dernier brouillon \u00e9tabli, les auteurs soumettent leur texte \u00e0 une double relecture, celle de la correction de la langue et celle de l\u2019efficacit\u00e9 p\u00e9dagogique. Lors de cette \u00e9tape, le vocabulaire et la grammaire sont longuement analys\u00e9s pour bien d\u00e9terminer l\u2019appartenance de chaque lecture au niveau vis\u00e9, tout comme la puret\u00e9 de la langue utilis\u00e9e. Apr\u00e8s quoi les textes sont envoy\u00e9s en France o\u00f9 ils sont relus para des Fran\u00e7ais de diff\u00e9rentes r\u00e9gions qui nous enrichissent de leurs commentaires, portant souvent sur des questions de civilisation et d\u2019actualit\u00e9 de la langue.<\/p>\n<p>L\u2019objectif de nos ouvrages est celui de relancer la motivation premi\u00e8re, en faisant r\u00e9appara\u00eetre le plaisir, amuser, int\u00e9resser, redonner de l\u2019entrain, parce qu\u2019avec nos livres, les \u00e9tudiants d\u00e9butants peuvent, selon leur niveau, lire et comprendre toute une histoire en fran\u00e7ais, ils peuvent m\u00eame incarner les personnages dans des mini dramatisations, s\u2019amuser, comprendre une situation dr\u00f4le. Et aussi, parce qu\u2019avec les structures qu\u2019ils apprennent, toutes simples, on peut dire des tas de choses![\/vc_column_text][\/vc_column_inner][\/vc_row_inner][\/vc_column][\/vc_row]<\/p>\n<\/div>","protected":false},"excerpt":{"rendered":"<p>[vc_row gap=\u00bb35&#8243; equal_height=\u00bbyes\u00bb content_placement=\u00bbmiddle\u00bb css=\u00bb.vc_custom_1746732647439{margin-top: 0px !important;}\u00bb el_class=\u00bbFirstRow\u00bb][vc_column width=\u00bb1\/2&#8243; css=\u00bb.vc_custom_1746732470040{padding-right: 30px !important;}\u00bb el_class=\u00bbTextCol\u00bb][vc_column_text css=\u00bb\u00bb] Textes litteraires en fran\u00e7ais facile [\/vc_column_text][vc_column_text css=\u00bb\u00bb]La Collection Terrasse est un projet r\u00e9alis\u00e9 par des professeurs de FLE, fran\u00e7ais et argentins, conscients de l&#8217;importance de la litt\u00e9rature dans la formation de nos \u00e9tudiants. Les livres ont \u00e9t\u00e9 cr\u00e9es autant pour la &#8230; <a title=\"Home Page\" class=\"read-more\" href=\"https:\/\/collectionterrasse.com.ar\/\" aria-label=\"Leer m\u00e1s sobre Home Page\">Leer m\u00e1s<\/a><\/p>\n","protected":false},"author":1,"featured_media":0,"parent":0,"menu_order":0,"comment_status":"closed","ping_status":"closed","template":"","meta":{"footnotes":""},"class_list":["post-2","page","type-page","status-publish"],"_links":{"self":[{"href":"https:\/\/collectionterrasse.com.ar\/index.php\/wp-json\/wp\/v2\/pages\/2","targetHints":{"allow":["GET"]}}],"collection":[{"href":"https:\/\/collectionterrasse.com.ar\/index.php\/wp-json\/wp\/v2\/pages"}],"about":[{"href":"https:\/\/collectionterrasse.com.ar\/index.php\/wp-json\/wp\/v2\/types\/page"}],"author":[{"embeddable":true,"href":"https:\/\/collectionterrasse.com.ar\/index.php\/wp-json\/wp\/v2\/users\/1"}],"replies":[{"embeddable":true,"href":"https:\/\/collectionterrasse.com.ar\/index.php\/wp-json\/wp\/v2\/comments?post=2"}],"version-history":[{"count":26,"href":"https:\/\/collectionterrasse.com.ar\/index.php\/wp-json\/wp\/v2\/pages\/2\/revisions"}],"predecessor-version":[{"id":70,"href":"https:\/\/collectionterrasse.com.ar\/index.php\/wp-json\/wp\/v2\/pages\/2\/revisions\/70"}],"wp:attachment":[{"href":"https:\/\/collectionterrasse.com.ar\/index.php\/wp-json\/wp\/v2\/media?parent=2"}],"curies":[{"name":"wp","href":"https:\/\/api.w.org\/{rel}","templated":true}]}}