{"id":12,"date":"2025-05-07T06:18:59","date_gmt":"2025-05-07T06:18:59","guid":{"rendered":"https:\/\/collectionterrasse.com.ar\/?page_id=12"},"modified":"2025-05-10T09:14:46","modified_gmt":"2025-05-10T09:14:46","slug":"la-collection","status":"publish","type":"page","link":"https:\/\/collectionterrasse.com.ar\/index.php\/la-collection\/","title":{"rendered":"La collection"},"content":{"rendered":"<div class=\"wpb-content-wrapper\"><p>[vc_row][vc_column][vc_column_text css=\u00bb\u00bb]Apr\u00e8s 200 heures de cours[\/vc_column_text][\/vc_column][\/vc_row][vc_row gap=\u00bb20&#8243; equal_height=\u00bbyes\u00bb][vc_column width=\u00bb1\/2&#8243; el_class=\u00bbBox\u00bb css=\u00bb.vc_custom_1746861118727{margin-bottom: 15px !important;border-top-width: 2px !important;border-right-width: 2px !important;border-bottom-width: 2px !important;border-left-width: 2px !important;padding-top: 0px !important;padding-right: 0px !important;padding-bottom: 0px !important;padding-left: 0px !important;border-left-style: solid !important;border-right-style: solid !important;border-top-style: solid !important;border-bottom-style: solid !important;border-radius: 15px !important;border-color: #FD693B !important;}\u00bb][vc_single_image image=\u00bb88&#8243; img_size=\u00bbfull\u00bb alignment=\u00bbcenter\u00bb css=\u00bb.vc_custom_1746860961484{margin-bottom: 0px !important;}\u00bb el_class=\u00bbBookImage\u00bb][vc_row_inner css=\u00bb.vc_custom_1746797019631{border-radius: 15px !important;}\u00bb][vc_column_inner css=\u00bb.vc_custom_1746797231259{margin-bottom: 0px !important;padding-top: 0px !important;padding-right: 35px !important;padding-bottom: 0px !important;padding-left: 35px !important;}\u00bb][vc_column_text css=\u00bb.vc_custom_1746797069682{margin-bottom: 10px !important;}\u00bb]<\/p>\n<h2>L&#8217;auto de Toto<\/h2>\n<p>[\/vc_column_text][vc_column_text css=\u00bb.vc_custom_1746797076183{margin-bottom: 5px !important;}\u00bb el_class=\u00bbTag\u00bb]Grand d\u00e9butant[\/vc_column_text][vc_column_text css=\u00bb.vc_custom_1746860853909{margin-bottom: 15px !important;}\u00bb]Entre 50 et 100 heures de cours[\/vc_column_text][vc_column_text css=\u00bb.vc_custom_1746797225793{margin-bottom: 10px !important;}\u00bb]Une d\u00e9lirante histoire d&#8217;amour dans une voiture, la voiture de Toto![\/vc_column_text][\/vc_column_inner][\/vc_row_inner][vc_row_inner][vc_column_inner el_class=\u00bbButtonWrapper\u00bb css=\u00bb.vc_custom_1746859839402{margin-bottom: 10px !important;padding-top: 0px !important;padding-right: 35px !important;padding-left: 35px !important;}\u00bb][vc_btn title=\u00bbTextes et illustrations\u00bb style=\u00bboutline-custom\u00bb outline_custom_color=\u00bb#D33E40&#8243; outline_custom_hover_background=\u00bb#B03032&#8243; size=\u00bbxs\u00bb css=\u00bb.vc_custom_1746859986932{margin-bottom: 5px !important;}\u00bb el_class=\u00bbtoto-1 ModernButton\u00bb][vc_btn title=\u00bbGlossaire\u00bb style=\u00bboutline-custom\u00bb outline_custom_color=\u00bb#D33E40&#8243; outline_custom_hover_background=\u00bb#B03032&#8243; size=\u00bbxs\u00bb css=\u00bb.vc_custom_1746859992032{margin-bottom: 5px !important;}\u00bb el_class=\u00bbtoto-2 ModernButton\u00bb][vc_btn title=\u00bbActivit\u00e9s p\u00e9dagogiques\u00bb style=\u00bboutline-custom\u00bb outline_custom_color=\u00bb#D33E40&#8243; outline_custom_hover_background=\u00bb#B03032&#8243; size=\u00bbxs\u00bb css=\u00bb.vc_custom_1746859996717{margin-bottom: 5px !important;}\u00bb el_class=\u00bbtoto-3 ModernButton\u00bb][\/vc_column_inner][\/vc_row_inner][vc_row_inner][vc_column_inner css=\u00bb.vc_custom_1746861089818{padding-right: 35px !important;padding-bottom: 20px !important;padding-left: 35px !important;}\u00bb][vc_column_text css=\u00bb.vc_custom_1746860194944{margin-top: 5px !important;margin-bottom: 10px !important;}\u00bb]\u00c9coutez un extrait audio[\/vc_column_text][vc_raw_html css=\u00bb.vc_custom_1746859923490{margin-bottom: 10px !important;}\u00bb]JTNDYXVkaW8lMjBjb250cm9scyUzRSUyMCUwQSUyMCUyMCUzQ3NvdXJjZSUyMHNyYyUzRCUyMmh0dHBzJTNBJTJGJTJGY29sbGVjdGlvbnRlcnJhc3NlLmNvbS5hciUyRndwLWNvbnRlbnQlMkZ1cGxvYWRzJTJGMjAyNSUyRjA1JTJGdG90by5tcDMlMjIlMjB0eXBlJTNEJTIyYXVkaW8lMkZtcGVnJTIyJTNFJTBBJTIwJTIwWW91ciUyMGJyb3dzZXIlMjBkb2VzJTIwbm90JTIwc3VwcG9ydCUyMHRoZSUyMGF1ZGlvJTIwZWxlbWVudC4lMEElM0MlMkZhdWRpbyUzRQ==[\/vc_raw_html][vc_btn title=\u00bbT\u00e9l\u00e9charger tous les fichiers audio\u00bb style=\u00bboutline-custom\u00bb outline_custom_color=\u00bb#597F55&#8243; outline_custom_hover_background=\u00bb#597F55&#8243; size=\u00bbxs\u00bb i_icon_fontawesome=\u00bbfa fa-regular fa-circle-down\u00bb css=\u00bb.vc_custom_1746859979263{margin-bottom: 5px !important;}\u00bb add_icon=\u00bbtrue\u00bb link=\u00bburl:https%3A%2F%2Fcollectionterrasse.com.ar%2Fwp-content%2Fuploads%2F2025%2F05%2FAudio_L_auto_de_Toto.zip|target:_blank|rel:nofollow\u00bb el_class=\u00bbModernButton\u00bb][\/vc_column_inner][\/vc_row_inner][\/vc_column][vc_column width=\u00bb1\/2&#8243; el_class=\u00bbBox\u00bb css=\u00bb.vc_custom_1746861125101{margin-bottom: 15px !important;border-top-width: 2px !important;border-right-width: 2px !important;border-bottom-width: 2px !important;border-left-width: 2px !important;padding-top: 0px !important;padding-right: 0px !important;padding-bottom: 0px !important;padding-left: 0px !important;border-left-style: solid !important;border-right-style: solid !important;border-top-style: solid !important;border-bottom-style: solid !important;border-radius: 15px !important;border-color: #1B95C2 !important;}\u00bb][vc_single_image image=\u00bb91&#8243; img_size=\u00bbfull\u00bb alignment=\u00bbcenter\u00bb css=\u00bb.vc_custom_1746868021908{margin-bottom: 0px !important;}\u00bb el_class=\u00bbBookImage Rendez\u00bb][vc_row_inner css=\u00bb.vc_custom_1746797019631{border-radius: 15px !important;}\u00bb][vc_column_inner css=\u00bb.vc_custom_1746797231259{margin-bottom: 0px !important;padding-top: 0px !important;padding-right: 35px !important;padding-bottom: 0px !important;padding-left: 35px !important;}\u00bb][vc_column_text css=\u00bb.vc_custom_1746860565118{margin-bottom: 10px !important;}\u00bb]<\/p>\n<h2>Le rendez-vous<\/h2>\n<p>[\/vc_column_text][vc_column_text css=\u00bb.vc_custom_1746860572554{margin-bottom: 5px !important;}\u00bb el_class=\u00bbTag\u00bb]D\u00e9butant[\/vc_column_text][vc_column_text css=\u00bb.vc_custom_1746860867478{margin-bottom: 15px !important;}\u00bb]Entre 100 et 150 heures de cours[\/vc_column_text][vc_column_text css=\u00bb.vc_custom_1746860592774{margin-bottom: 10px !important;}\u00bb]Edmond Lepot est un homme sensible et tranquille. Il ne sait pas encore que pour lui, aujourd&#8217;hui, ce sera la journ\u00e9e des rendez-vous![\/vc_column_text][\/vc_column_inner][\/vc_row_inner][vc_row_inner][vc_column_inner el_class=\u00bbButtonWrapper\u00bb css=\u00bb.vc_custom_1746859839402{margin-bottom: 10px !important;padding-top: 0px !important;padding-right: 35px !important;padding-left: 35px !important;}\u00bb][vc_btn title=\u00bbTextes et illustrations\u00bb style=\u00bboutline-custom\u00bb outline_custom_color=\u00bb#D33E40&#8243; outline_custom_hover_background=\u00bb#B03032&#8243; size=\u00bbxs\u00bb css=\u00bb.vc_custom_1746860620174{margin-bottom: 5px !important;}\u00bb el_class=\u00bbrendez-1 ModernButton\u00bb][vc_btn title=\u00bbGlossaire\u00bb style=\u00bboutline-custom\u00bb outline_custom_color=\u00bb#D33E40&#8243; outline_custom_hover_background=\u00bb#B03032&#8243; size=\u00bbxs\u00bb css=\u00bb.vc_custom_1746860626024{margin-bottom: 5px !important;}\u00bb el_class=\u00bbrendez-2 ModernButton\u00bb][vc_btn title=\u00bbActivit\u00e9s p\u00e9dagogiques\u00bb style=\u00bboutline-custom\u00bb outline_custom_color=\u00bb#D33E40&#8243; outline_custom_hover_background=\u00bb#B03032&#8243; size=\u00bbxs\u00bb css=\u00bb.vc_custom_1746860632357{margin-bottom: 5px !important;}\u00bb el_class=\u00bbrendez-3 ModernButton\u00bb][\/vc_column_inner][\/vc_row_inner][vc_row_inner][vc_column_inner css=\u00bb.vc_custom_1746861060001{padding-right: 35px !important;padding-bottom: 20px !important;padding-left: 35px !important;}\u00bb][vc_column_text css=\u00bb.vc_custom_1746860194944{margin-top: 5px !important;margin-bottom: 10px !important;}\u00bb]\u00c9coutez un extrait audio[\/vc_column_text][vc_raw_html css=\u00bb.vc_custom_1746860682396{margin-bottom: 10px !important;}\u00bb]JTNDYXVkaW8lMjBjb250cm9scyUzRSUyMCUwQSUyMCUyMCUzQ3NvdXJjZSUyMHNyYyUzRCUyMmh0dHBzJTNBJTJGJTJGY29sbGVjdGlvbnRlcnJhc3NlLmNvbS5hciUyRndwLWNvbnRlbnQlMkZ1cGxvYWRzJTJGMjAyNSUyRjA1JTJGbGVfcmVuZGV6Lm1wMyUyMiUyMHR5cGUlM0QlMjJhdWRpbyUyRm1wZWclMjIlM0UlMEElMjAlMjBZb3VyJTIwYnJvd3NlciUyMGRvZXMlMjBub3QlMjBzdXBwb3J0JTIwdGhlJTIwYXVkaW8lMjBlbGVtZW50LiUwQSUzQyUyRmF1ZGlvJTNF[\/vc_raw_html][vc_btn title=\u00bbT\u00e9l\u00e9charger tous les fichiers audio\u00bb style=\u00bboutline-custom\u00bb outline_custom_color=\u00bb#597F55&#8243; outline_custom_hover_background=\u00bb#597F55&#8243; size=\u00bbxs\u00bb i_icon_fontawesome=\u00bbfa fa-regular fa-circle-down\u00bb css=\u00bb.vc_custom_1746860669467{margin-bottom: 5px !important;}\u00bb add_icon=\u00bbtrue\u00bb link=\u00bburl:https%3A%2F%2Fcollectionterrasse.com.ar%2Fwp-content%2Fuploads%2F2025%2F05%2FAudio_Rendez-vous.zip|target:_blank|rel:nofollow\u00bb el_class=\u00bbModernButton\u00bb][\/vc_column_inner][\/vc_row_inner][\/vc_column][\/vc_row][vc_row gap=\u00bb20&#8243; equal_height=\u00bbyes\u00bb][vc_column width=\u00bb1\/2&#8243; el_class=\u00bbBox\u00bb css=\u00bb.vc_custom_1746861403782{margin-bottom: 15px !important;border-top-width: 2px !important;border-right-width: 2px !important;border-bottom-width: 2px !important;border-left-width: 2px !important;padding-top: 0px !important;padding-right: 0px !important;padding-bottom: 0px !important;padding-left: 0px !important;border-left-style: solid !important;border-right-style: solid !important;border-top-style: solid !important;border-bottom-style: solid !important;border-radius: 15px !important;border-color: #D33E40 !important;}\u00bb][vc_single_image image=\u00bb87&#8243; img_size=\u00bbfull\u00bb alignment=\u00bbcenter\u00bb css=\u00bb.vc_custom_1746868030067{margin-bottom: 0px !important;}\u00bb el_class=\u00bbBookImage Flor\u00bb][vc_row_inner css=\u00bb.vc_custom_1746797019631{border-radius: 15px !important;}\u00bb][vc_column_inner css=\u00bb.vc_custom_1746797231259{margin-bottom: 0px !important;padding-top: 0px !important;padding-right: 35px !important;padding-bottom: 0px !important;padding-left: 35px !important;}\u00bb][vc_column_text css=\u00bb.vc_custom_1746861168471{margin-bottom: 10px !important;}\u00bb]<\/p>\n<h2>La fleur d\u00b4oranger<\/h2>\n<p>[\/vc_column_text][vc_column_text css=\u00bb.vc_custom_1746861182575{margin-bottom: 5px !important;}\u00bb el_class=\u00bbTag\u00bb]D\u00e9butant[\/vc_column_text][vc_column_text css=\u00bb.vc_custom_1746861188126{margin-bottom: 15px !important;}\u00bb]Entre 100 et 150 heures de cours[\/vc_column_text][vc_column_text css=\u00bb.vc_custom_1746861199645{margin-bottom: 10px !important;}\u00bb]Une myst\u00e9rieuse affaire ronde le caf\u00e9-restaurant La Fleur d&#8217;Oranger.[\/vc_column_text][\/vc_column_inner][\/vc_row_inner][vc_row_inner][vc_column_inner el_class=\u00bbButtonWrapper\u00bb css=\u00bb.vc_custom_1746859839402{margin-bottom: 10px !important;padding-top: 0px !important;padding-right: 35px !important;padding-left: 35px !important;}\u00bb][vc_btn title=\u00bbTextes et illustrations\u00bb style=\u00bboutline-custom\u00bb outline_custom_color=\u00bb#D33E40&#8243; outline_custom_hover_background=\u00bb#B03032&#8243; size=\u00bbxs\u00bb css=\u00bb.vc_custom_1746861207915{margin-bottom: 5px !important;}\u00bb el_class=\u00bbflor-1 ModernButton\u00bb][vc_btn title=\u00bbGlossaire\u00bb style=\u00bboutline-custom\u00bb outline_custom_color=\u00bb#D33E40&#8243; outline_custom_hover_background=\u00bb#B03032&#8243; size=\u00bbxs\u00bb css=\u00bb.vc_custom_1746861214555{margin-bottom: 5px !important;}\u00bb el_class=\u00bbflor-2 ModernButton\u00bb][vc_btn title=\u00bbActivit\u00e9s p\u00e9dagogiques\u00bb style=\u00bboutline-custom\u00bb outline_custom_color=\u00bb#D33E40&#8243; outline_custom_hover_background=\u00bb#B03032&#8243; size=\u00bbxs\u00bb css=\u00bb.vc_custom_1746861221508{margin-bottom: 5px !important;}\u00bb el_class=\u00bbflor-3 ModernButton\u00bb][\/vc_column_inner][\/vc_row_inner][vc_row_inner][vc_column_inner css=\u00bb.vc_custom_1746861089818{padding-right: 35px !important;padding-bottom: 20px !important;padding-left: 35px !important;}\u00bb][vc_column_text css=\u00bb.vc_custom_1746860194944{margin-top: 5px !important;margin-bottom: 10px !important;}\u00bb]\u00c9coutez un extrait audio[\/vc_column_text][vc_raw_html css=\u00bb.vc_custom_1746861259808{margin-bottom: 10px !important;}\u00bb]JTNDYXVkaW8lMjBjb250cm9scyUzRSUyMCUwQSUyMCUyMCUzQ3NvdXJjZSUyMHNyYyUzRCUyMmh0dHBzJTNBJTJGJTJGY29sbGVjdGlvbnRlcnJhc3NlLmNvbS5hciUyRndwLWNvbnRlbnQlMkZ1cGxvYWRzJTJGMjAyNSUyRjA1JTJGTGFfZmxldXJfZG9yYW5nZXIubXAzJTIyJTIwdHlwZSUzRCUyMmF1ZGlvJTJGbXBlZyUyMiUzRSUwQSUyMCUyMFlvdXIlMjBicm93c2VyJTIwZG9lcyUyMG5vdCUyMHN1cHBvcnQlMjB0aGUlMjBhdWRpbyUyMGVsZW1lbnQuJTBBJTNDJTJGYXVkaW8lM0U=[\/vc_raw_html][vc_btn title=\u00bbT\u00e9l\u00e9charger tous les fichiers audio\u00bb style=\u00bboutline-custom\u00bb outline_custom_color=\u00bb#597F55&#8243; outline_custom_hover_background=\u00bb#597F55&#8243; size=\u00bbxs\u00bb i_icon_fontawesome=\u00bbfa fa-regular fa-circle-down\u00bb css=\u00bb.vc_custom_1746861272227{margin-bottom: 5px !important;}\u00bb add_icon=\u00bbtrue\u00bb link=\u00bburl:https%3A%2F%2Fcollectionterrasse.com.ar%2Fwp-content%2Fuploads%2F2025%2F05%2FLFDO.mp3|target:_blank|rel:nofollow\u00bb el_class=\u00bbModernButton\u00bb][\/vc_column_inner][\/vc_row_inner][\/vc_column][vc_column width=\u00bb1\/2&#8243; el_class=\u00bbBox\u00bb css=\u00bb.vc_custom_1746861655567{margin-bottom: 15px !important;border-top-width: 2px !important;border-right-width: 2px !important;border-bottom-width: 2px !important;border-left-width: 2px !important;padding-top: 0px !important;padding-right: 0px !important;padding-bottom: 0px !important;padding-left: 0px !important;border-left-style: solid !important;border-right-style: solid !important;border-top-style: solid !important;border-bottom-style: solid !important;border-radius: 15px !important;border-color: #49884F !important;}\u00bb][vc_single_image image=\u00bb89&#8243; img_size=\u00bbfull\u00bb alignment=\u00bbcenter\u00bb css=\u00bb.vc_custom_1746868037440{margin-bottom: 0px !important;}\u00bb el_class=\u00bbBookImage Cheveu\u00bb][vc_row_inner css=\u00bb.vc_custom_1746797019631{border-radius: 15px !important;}\u00bb][vc_column_inner css=\u00bb.vc_custom_1746797231259{margin-bottom: 0px !important;padding-top: 0px !important;padding-right: 35px !important;padding-bottom: 0px !important;padding-left: 35px !important;}\u00bb][vc_column_text css=\u00bb.vc_custom_1746861423353{margin-bottom: 10px !important;}\u00bb]<\/p>\n<h2>Le Cheveu<\/h2>\n<p>[\/vc_column_text][vc_column_text css=\u00bb.vc_custom_1746861435295{margin-bottom: 5px !important;}\u00bb el_class=\u00bbTag\u00bb]Interm\u00e9diaire[\/vc_column_text][vc_column_text css=\u00bb.vc_custom_1746861444908{margin-bottom: 15px !important;}\u00bb]Entre 150 et 200 heures de cours[\/vc_column_text][vc_column_text css=\u00bb.vc_custom_1746861455870{margin-bottom: 10px !important;}\u00bb]C\u00e9line-Estelle est une jeune m\u00e9nag\u00e8re heureuse. Cependant, elle ne sait pas que son bonheur ne tient qu&#8217;\u00e0 un fil&#8230; ou plut\u00f4t qu&#8217;\u00e0 un cheveu![\/vc_column_text][\/vc_column_inner][\/vc_row_inner][vc_row_inner][vc_column_inner el_class=\u00bbButtonWrapper\u00bb css=\u00bb.vc_custom_1746859839402{margin-bottom: 10px !important;padding-top: 0px !important;padding-right: 35px !important;padding-left: 35px !important;}\u00bb][vc_btn title=\u00bbTextes et illustrations\u00bb style=\u00bboutline-custom\u00bb outline_custom_color=\u00bb#D33E40&#8243; outline_custom_hover_background=\u00bb#B03032&#8243; size=\u00bbxs\u00bb css=\u00bb.vc_custom_1746861522450{margin-bottom: 5px !important;}\u00bb el_class=\u00bbcheveu-1 ModernButton\u00bb][vc_btn title=\u00bbGlossaire\u00bb style=\u00bboutline-custom\u00bb outline_custom_color=\u00bb#D33E40&#8243; outline_custom_hover_background=\u00bb#B03032&#8243; size=\u00bbxs\u00bb css=\u00bb.vc_custom_1746861527942{margin-bottom: 5px !important;}\u00bb el_class=\u00bbcheveu-2 ModernButton\u00bb][vc_btn title=\u00bbActivit\u00e9s p\u00e9dagogiques\u00bb style=\u00bboutline-custom\u00bb outline_custom_color=\u00bb#D33E40&#8243; outline_custom_hover_background=\u00bb#B03032&#8243; size=\u00bbxs\u00bb css=\u00bb.vc_custom_1746861533428{margin-bottom: 5px !important;}\u00bb el_class=\u00bbcheveu-3 ModernButton\u00bb][\/vc_column_inner][\/vc_row_inner][vc_row_inner][vc_column_inner css=\u00bb.vc_custom_1746861060001{padding-right: 35px !important;padding-bottom: 20px !important;padding-left: 35px !important;}\u00bb][vc_column_text css=\u00bb.vc_custom_1746860194944{margin-top: 5px !important;margin-bottom: 10px !important;}\u00bb]\u00c9coutez un extrait audio[\/vc_column_text][vc_raw_html css=\u00bb.vc_custom_1746861513162{margin-bottom: 10px !important;}\u00bb]JTNDYXVkaW8lMjBjb250cm9scyUzRSUyMCUwQSUyMCUyMCUzQ3NvdXJjZSUyMHNyYyUzRCUyMmh0dHBzJTNBJTJGJTJGY29sbGVjdGlvbnRlcnJhc3NlLmNvbS5hciUyRndwLWNvbnRlbnQlMkZ1cGxvYWRzJTJGMjAyNSUyRjA1JTJGbGVfY2hldmV1Lm1wMyUyMiUyMHR5cGUlM0QlMjJhdWRpbyUyRm1wZWclMjIlM0UlMEElMjAlMjBZb3VyJTIwYnJvd3NlciUyMGRvZXMlMjBub3QlMjBzdXBwb3J0JTIwdGhlJTIwYXVkaW8lMjBlbGVtZW50LiUwQSUzQyUyRmF1ZGlvJTNF[\/vc_raw_html][vc_btn title=\u00bbT\u00e9l\u00e9charger tous les fichiers audio\u00bb style=\u00bboutline-custom\u00bb outline_custom_color=\u00bb#597F55&#8243; outline_custom_hover_background=\u00bb#597F55&#8243; size=\u00bbxs\u00bb i_icon_fontawesome=\u00bbfa fa-regular fa-circle-down\u00bb css=\u00bb.vc_custom_1746861495028{margin-bottom: 5px !important;}\u00bb add_icon=\u00bbtrue\u00bb link=\u00bburl:https%3A%2F%2Fcollectionterrasse.com.ar%2Fwp-content%2Fuploads%2F2025%2F05%2FAudio_Le_Cheveu.zip|target:_blank|rel:nofollow\u00bb el_class=\u00bbModernButton\u00bb][\/vc_column_inner][\/vc_row_inner][\/vc_column][\/vc_row][vc_row gap=\u00bb20&#8243; equal_height=\u00bbyes\u00bb][vc_column width=\u00bb1\/2&#8243; el_class=\u00bbBox\u00bb css=\u00bb.vc_custom_1746861897103{margin-bottom: 15px !important;border-top-width: 2px !important;border-right-width: 2px !important;border-bottom-width: 2px !important;border-left-width: 2px !important;padding-top: 0px !important;padding-right: 0px !important;padding-bottom: 0px !important;padding-left: 0px !important;border-left-style: solid !important;border-right-style: solid !important;border-top-style: solid !important;border-bottom-style: solid !important;border-radius: 15px !important;border-color: #296DA2 !important;}\u00bb][vc_single_image image=\u00bb90&#8243; img_size=\u00bbfull\u00bb alignment=\u00bbcenter\u00bb css=\u00bb.vc_custom_1746868044688{margin-bottom: 0px !important;}\u00bb el_class=\u00bbBookImage Musee\u00bb][vc_row_inner css=\u00bb.vc_custom_1746797019631{border-radius: 15px !important;}\u00bb][vc_column_inner css=\u00bb.vc_custom_1746797231259{margin-bottom: 0px !important;padding-top: 0px !important;padding-right: 35px !important;padding-bottom: 0px !important;padding-left: 35px !important;}\u00bb][vc_column_text css=\u00bb.vc_custom_1746861820234{margin-bottom: 10px !important;}\u00bb]<\/p>\n<h2>Mus\u00e9e (je, tu, elle)<\/h2>\n<p>[\/vc_column_text][vc_column_text css=\u00bb.vc_custom_1746861832575{margin-bottom: 5px !important;}\u00bb el_class=\u00bbTag\u00bb]Avanc\u00e9[\/vc_column_text][vc_column_text css=\u00bb.vc_custom_1746861841973{margin-bottom: 15px !important;}\u00bb]Apr\u00e8s 200 heures de cours[\/vc_column_text][vc_column_text css=\u00bb.vc_custom_1746861851826{margin-bottom: 10px !important;}\u00bb]Trois histoires qui pivotent autour du Mus\u00e9e du Louvre. Mais il y a un autre mus\u00e9e, celui que chacun porte en soi. Celui des souvenirs personnels que chacun ch\u00e9rit, ou v\u00e9n\u00e8re, ou m\u00eame oublie.<br \/>\n[\/vc_column_text][\/vc_column_inner][\/vc_row_inner][vc_row_inner][vc_column_inner el_class=\u00bbButtonWrapper\u00bb css=\u00bb.vc_custom_1746861933222{margin-bottom: 10px !important;padding-top: 0px !important;padding-right: 35px !important;padding-bottom: 40px !important;padding-left: 35px !important;}\u00bb][vc_btn title=\u00bbTextes et illustrations\u00bb style=\u00bboutline-custom\u00bb outline_custom_color=\u00bb#D33E40&#8243; outline_custom_hover_background=\u00bb#B03032&#8243; size=\u00bbxs\u00bb css=\u00bb.vc_custom_1746861865154{margin-bottom: 5px !important;}\u00bb el_class=\u00bbmusee-1 ModernButton\u00bb][vc_btn title=\u00bbGlossaire\u00bb style=\u00bboutline-custom\u00bb outline_custom_color=\u00bb#D33E40&#8243; outline_custom_hover_background=\u00bb#B03032&#8243; size=\u00bbxs\u00bb css=\u00bb.vc_custom_1746861872088{margin-bottom: 5px !important;}\u00bb el_class=\u00bbmusee-2 ModernButton\u00bb][vc_btn title=\u00bbActivit\u00e9s p\u00e9dagogiques\u00bb style=\u00bboutline-custom\u00bb outline_custom_color=\u00bb#D33E40&#8243; outline_custom_hover_background=\u00bb#B03032&#8243; size=\u00bbxs\u00bb css=\u00bb.vc_custom_1746861877191{margin-bottom: 5px !important;}\u00bb el_class=\u00bbmusee-3 ModernButton\u00bb][\/vc_column_inner][\/vc_row_inner][\/vc_column][vc_column width=\u00bb1\/2&#8243; el_class=\u00bbBox\u00bb][\/vc_column][\/vc_row]<\/p>\n<\/div>","protected":false},"excerpt":{"rendered":"<p>[vc_row][vc_column][vc_column_text css=\u00bb\u00bb]Apr\u00e8s 200 heures de cours[\/vc_column_text][\/vc_column][\/vc_row][vc_row gap=\u00bb20&#8243; equal_height=\u00bbyes\u00bb][vc_column width=\u00bb1\/2&#8243; el_class=\u00bbBox\u00bb css=\u00bb.vc_custom_1746861118727{margin-bottom: 15px !important;border-top-width: 2px !important;border-right-width: 2px !important;border-bottom-width: 2px !important;border-left-width: 2px !important;padding-top: 0px !important;padding-right: 0px !important;padding-bottom: 0px !important;padding-left: 0px !important;border-left-style: solid !important;border-right-style: solid !important;border-top-style: solid !important;border-bottom-style: solid !important;border-radius: 15px !important;border-color: #FD693B !important;}\u00bb][vc_single_image image=\u00bb88&#8243; img_size=\u00bbfull\u00bb alignment=\u00bbcenter\u00bb css=\u00bb.vc_custom_1746860961484{margin-bottom: 0px !important;}\u00bb el_class=\u00bbBookImage\u00bb][vc_row_inner css=\u00bb.vc_custom_1746797019631{border-radius: 15px !important;}\u00bb][vc_column_inner css=\u00bb.vc_custom_1746797231259{margin-bottom: 0px !important;padding-top: 0px &#8230; <a title=\"La collection\" class=\"read-more\" href=\"https:\/\/collectionterrasse.com.ar\/index.php\/la-collection\/\" aria-label=\"Leer m\u00e1s sobre La collection\">Leer m\u00e1s<\/a><\/p>\n","protected":false},"author":1,"featured_media":0,"parent":0,"menu_order":0,"comment_status":"closed","ping_status":"closed","template":"","meta":{"footnotes":""},"class_list":["post-12","page","type-page","status-publish"],"_links":{"self":[{"href":"https:\/\/collectionterrasse.com.ar\/index.php\/wp-json\/wp\/v2\/pages\/12","targetHints":{"allow":["GET"]}}],"collection":[{"href":"https:\/\/collectionterrasse.com.ar\/index.php\/wp-json\/wp\/v2\/pages"}],"about":[{"href":"https:\/\/collectionterrasse.com.ar\/index.php\/wp-json\/wp\/v2\/types\/page"}],"author":[{"embeddable":true,"href":"https:\/\/collectionterrasse.com.ar\/index.php\/wp-json\/wp\/v2\/users\/1"}],"replies":[{"embeddable":true,"href":"https:\/\/collectionterrasse.com.ar\/index.php\/wp-json\/wp\/v2\/comments?post=12"}],"version-history":[{"count":31,"href":"https:\/\/collectionterrasse.com.ar\/index.php\/wp-json\/wp\/v2\/pages\/12\/revisions"}],"predecessor-version":[{"id":109,"href":"https:\/\/collectionterrasse.com.ar\/index.php\/wp-json\/wp\/v2\/pages\/12\/revisions\/109"}],"wp:attachment":[{"href":"https:\/\/collectionterrasse.com.ar\/index.php\/wp-json\/wp\/v2\/media?parent=12"}],"curies":[{"name":"wp","href":"https:\/\/api.w.org\/{rel}","templated":true}]}}